{"id":5306,"date":"2017-06-10T16:15:13","date_gmt":"2017-06-10T19:15:13","guid":{"rendered":"http:\/\/holdingimobiliaria.com\/?page_id=5306"},"modified":"2022-01-04T16:05:18","modified_gmt":"2022-01-04T18:05:18","slug":"otros-servicios","status":"publish","type":"page","link":"http:\/\/holdingimobiliaria.com\/es\/otros-servicios\/","title":{"rendered":"OTROS SERVICIOS"},"content":{"rendered":"<p>[vc_row][vc_column][vc_empty_space height=&#8221;30px&#8221;][vc_column_text][\/vc_column_text][vc_empty_space height=&#8221;30px&#8221;][vc_column_text]<strong>Holding Imobiliaria<\/strong> est\u00e1 aqu\u00ed para hacer su visita una experiencia inolvidable. Estamos a su disposici\u00f3n desde antes de su llegada y disponibles durante toda su estancia para satisfacer cualquier solicitud.<\/p>\n<p>&nbsp;<\/p>\n<p>Con nuestro amplio conocimiento local y conexiones especiales de <strong>Holding Imobiliaria<\/strong>, vamos a traer hasta usted el nivel de apoyo y orientaci\u00f3n top de l\u00ednea que se ha convertido en sin\u00f3nimo de nuestro nombre.[\/vc_column_text][\/vc_column][\/vc_row][vc_row][vc_column][vc_empty_space height=&#8221;30px&#8221;][vc_column_text]Aqu\u00ed hay algunos ejemplos de los muchos servicios que la <strong>Holding Imobiliaria<\/strong> puede proporcionarle:[\/vc_column_text][\/vc_column][\/vc_row][vc_row][vc_column][vc_column_text]<\/p>\n<ul>\n<li>Recepci\u00f3n en aeropuertos<\/li>\n<li>Transporte particular de jet, helic\u00f3ptero o yate<\/li>\n<li>Servicios de conductor biling\u00fce privado<\/li>\n<li>Asesor\u00eda jur\u00eddica y Servicios de Notario para adquisici\u00f3n de inmuebles, para nuestros clientes nacionales y extranjeros<\/li>\n<li>Traductores y Despachantes para solucionar cualquier necesidad espec\u00edfica, documental o burocr\u00e1tica.<\/li>\n<\/ul>\n<p>[\/vc_column_text][\/vc_column][\/vc_row][vc_row][vc_column][vc_empty_space height=&#8221;50px&#8221;][\/vc_column][\/vc_row][vc_row][vc_column][vc_column_text]<img loading=\"lazy\" class=\"size-full wp-image-3360\" src=\"http:\/\/holdinginvestimentos.com\/wp-content\/uploads\/2017\/06\/new-york-new-york-concierge-bell.tif.jpeg\" alt=\"\" width=\"1400\" height=\"400\" \/>[\/vc_column_text][\/vc_column][\/vc_row]<\/p>\n","protected":false},"excerpt":{"rendered":"<p>[vc_row][vc_column][vc_empty_space height=&#8221;30px&#8221;][vc_column_text][\/vc_column_text][vc_empty_space height=&#8221;30px&#8221;][vc_column_text]Holding Imobiliaria est\u00e1 aqu\u00ed para hacer su visita una experiencia inolvidable. Estamos a su disposici\u00f3n desde antes de su llegada y disponibles durante toda su estancia para satisfacer cualquier solicitud. &nbsp; Con nuestro amplio conocimiento local y conexiones especiales de Holding Imobiliaria, vamos a traer hasta usted el nivel de apoyo y orientaci\u00f3n [&hellip;]<\/p>\n","protected":false},"author":1,"featured_media":0,"parent":0,"menu_order":0,"comment_status":"closed","ping_status":"closed","template":"template\/template-page.php","meta":[],"_links":{"self":[{"href":"http:\/\/holdingimobiliaria.com\/es\/wp-json\/wp\/v2\/pages\/5306\/"}],"collection":[{"href":"http:\/\/holdingimobiliaria.com\/es\/wp-json\/wp\/v2\/pages\/"}],"about":[{"href":"http:\/\/holdingimobiliaria.com\/es\/wp-json\/wp\/v2\/types\/page\/"}],"author":[{"embeddable":true,"href":"http:\/\/holdingimobiliaria.com\/es\/wp-json\/wp\/v2\/users\/1\/"}],"replies":[{"embeddable":true,"href":"http:\/\/holdingimobiliaria.com\/es\/wp-json\/wp\/v2\/comments\/?post=5306"}],"version-history":[{"count":6,"href":"http:\/\/holdingimobiliaria.com\/es\/wp-json\/wp\/v2\/pages\/5306\/revisions\/"}],"predecessor-version":[{"id":5907,"href":"http:\/\/holdingimobiliaria.com\/es\/wp-json\/wp\/v2\/pages\/5306\/revisions\/5907\/"}],"wp:attachment":[{"href":"http:\/\/holdingimobiliaria.com\/es\/wp-json\/wp\/v2\/media\/?parent=5306"}],"curies":[{"name":"wp","href":"https:\/\/api.w.org\/{rel}","templated":true}]}}