{"id":5052,"date":"2019-03-16T18:48:43","date_gmt":"2019-03-16T21:48:43","guid":{"rendered":"http:\/\/holdinginvestimentos.com\/?page_id=5052"},"modified":"2019-03-24T13:18:23","modified_gmt":"2019-03-24T16:18:23","slug":"inmobiliaria-y-construccion","status":"publish","type":"page","link":"http:\/\/holdingimobiliaria.com\/pt-br\/inmobiliaria-y-construccion\/","title":{"rendered":"INMOBILIARIA &#038; CONSTRUCCI\u00d3N"},"content":{"rendered":"<p>[vc_row][vc_column][vc_empty_space height=&#8221;80px&#8221;][vc_column_text]<\/p>\n<h1 style=\"text-align: center;\"><b>Holding <\/b><b>Imobili\u00e1ria<\/b> es reconocida internacionalmente por su excelencia, siendo una empresa del grupo <b>Holding S. S. Asesor\u00eda<\/b>.<\/h1>\n<p>[\/vc_column_text][vc_empty_space height=&#8221;30px&#8221;][vc_video link=&#8221;&#8221; align=&#8221;center&#8221;][vc_column_text]<img loading=\"lazy\" class=\"alignright wp-image-5067 size-medium\" src=\"http:\/\/holdinginvestimentos.com\/wp-content\/uploads\/2019\/03\/Casas-Lujosas-Casas-Lujosas-On-Twitter-1-300x221.jpg\" alt=\"\" width=\"300\" height=\"221\" srcset=\"http:\/\/holdingimobiliaria.com\/wp-content\/uploads\/2019\/03\/Casas-Lujosas-Casas-Lujosas-On-Twitter-1-300x221.jpg 300w, http:\/\/holdingimobiliaria.com\/wp-content\/uploads\/2019\/03\/Casas-Lujosas-Casas-Lujosas-On-Twitter-1-150x110.jpg 150w, http:\/\/holdingimobiliaria.com\/wp-content\/uploads\/2019\/03\/Casas-Lujosas-Casas-Lujosas-On-Twitter-1-380x280.jpg 380w, http:\/\/holdingimobiliaria.com\/wp-content\/uploads\/2019\/03\/Casas-Lujosas-Casas-Lujosas-On-Twitter-1-350x258.jpg 350w, http:\/\/holdingimobiliaria.com\/wp-content\/uploads\/2019\/03\/Casas-Lujosas-Casas-Lujosas-On-Twitter-1.jpg 500w\" sizes=\"(max-width: 300px) 100vw, 300px\" \/><\/p>\n<p><strong>Holding Imobili\u00e1ria<\/strong> es una empresa especializada en clientes VIP, que ofrece servicios profesionales con la calidad 5 estrellas.<\/p>\n<p>Por su dedicaci\u00f3n exclusiva, nos hemos convertido en la elecci\u00f3n n\u00famero uno de deportistas, jugadores de f\u00fatbol, artistas, inversores, ejecutivos, diplom\u00e1ticos y celebridades nacionales e internacionales, siempre aportando sofisticaci\u00f3n, privacidad y confidencialidad.[\/vc_column_text][vc_empty_space height=&#8221;80px&#8221;][\/vc_column][\/vc_row][vc_row full_width=&#8221;stretch_row&#8221; css=&#8221;.vc_custom_1552508491174{background-color: #fe9d0b !important;}&#8221;][vc_column][vc_empty_space height=&#8221;80px&#8221;][vc_row_inner][vc_column_inner width=&#8221;1\/3&#8243;][vc_column_text]<img loading=\"lazy\" class=\"wp-image-5072 size-medium aligncenter\" src=\"http:\/\/holdinginvestimentos.com\/wp-content\/uploads\/2019\/03\/Fotos-de-Casas-Modernas-27alvaro-300x187.jpg\" alt=\"\" width=\"300\" height=\"187\" srcset=\"http:\/\/holdingimobiliaria.com\/wp-content\/uploads\/2019\/03\/Fotos-de-Casas-Modernas-27alvaro-300x187.jpg 300w, http:\/\/holdingimobiliaria.com\/wp-content\/uploads\/2019\/03\/Fotos-de-Casas-Modernas-27alvaro-150x94.jpg 150w, http:\/\/holdingimobiliaria.com\/wp-content\/uploads\/2019\/03\/Fotos-de-Casas-Modernas-27alvaro-350x218.jpg 350w, http:\/\/holdingimobiliaria.com\/wp-content\/uploads\/2019\/03\/Fotos-de-Casas-Modernas-27alvaro.jpg 399w\" sizes=\"(max-width: 300px) 100vw, 300px\" \/>[\/vc_column_text][\/vc_column_inner][vc_column_inner width=&#8221;1\/3&#8243;][vc_column_text]<\/p>\n<p>En <strong>Holding Imobili\u00e1ria<\/strong> escuchamos atentamente a nuestro cliente, para comprender y realizar su deseo del inmueble ideal, desde la construcci\u00f3n m\u00e1s sofisticada a viviendas populares, manteniendo los costos bajos y dentro del presupuesto, sin sacrificar el servicio ni la calidad.[\/vc_column_text][\/vc_column_inner][vc_column_inner width=&#8221;1\/3&#8243;][vc_column_text]<img loading=\"lazy\" class=\"aligncenter wp-image-5073\" src=\"http:\/\/holdinginvestimentos.com\/wp-content\/uploads\/2019\/03\/05-1000px-5-300x169.jpg\" alt=\"\" width=\"329\" height=\"185\" srcset=\"http:\/\/holdingimobiliaria.com\/wp-content\/uploads\/2019\/03\/05-1000px-5-300x169.jpg 300w, http:\/\/holdingimobiliaria.com\/wp-content\/uploads\/2019\/03\/05-1000px-5-768x432.jpg 768w, http:\/\/holdingimobiliaria.com\/wp-content\/uploads\/2019\/03\/05-1000px-5-150x84.jpg 150w, http:\/\/holdingimobiliaria.com\/wp-content\/uploads\/2019\/03\/05-1000px-5-350x197.jpg 350w, http:\/\/holdingimobiliaria.com\/wp-content\/uploads\/2019\/03\/05-1000px-5.jpg 1000w\" sizes=\"(max-width: 329px) 100vw, 329px\" \/>[\/vc_column_text][\/vc_column_inner][\/vc_row_inner][vc_empty_space height=&#8221;30px&#8221;][vc_column_text]<\/p>\n<h3 style=\"text-align: center;\"><\/h3>\n<p>[\/vc_column_text][vc_empty_space height=&#8221;80px&#8221;][\/vc_column][\/vc_row][vc_row full_width=&#8221;stretch_row&#8221; css=&#8221;.vc_custom_1496957782049{background-image: url(http:\/\/holdinginvestimentos.com\/investimentos-imobiliarios\/wp-content\/uploads\/2016\/03\/section_site_holding_investimentos.jpg?id=3215) !important;}&#8221;][vc_column][vc_empty_space height=&#8221;40px&#8221;][vc_row_inner][vc_column_inner width=&#8221;1\/2&#8243;][vc_column_text][\/vc_column_text][\/vc_column_inner][vc_column_inner width=&#8221;1\/2&#8243;][vc_column_text][\/vc_column_text][\/vc_column_inner][\/vc_row_inner][vc_empty_space height=&#8221;40px&#8221;][\/vc_column][\/vc_row][vc_row full_width=&#8221;stretch_row&#8221; css=&#8221;.vc_custom_1552511671441{background-color: #404297 !important;}&#8221;][vc_column][vc_empty_space height=&#8221;40px&#8221;][vc_column_text][\/vc_column_text][vc_column_text][\/vc_column_text][vc_empty_space height=&#8221;40px&#8221;][\/vc_column][\/vc_row][vc_row full_width=&#8221;stretch_row&#8221; css=&#8221;.vc_custom_1496957782049{background-image: url(http:\/\/holdinginvestimentos.com\/investimentos-imobiliarios\/wp-content\/uploads\/2016\/03\/section_site_holding_investimentos.jpg?id=3215) !important;}&#8221;][vc_column][vc_empty_space height=&#8221;40px&#8221;][vc_column_text][\/vc_column_text][vc_empty_space height=&#8221;40px&#8221;][\/vc_column][\/vc_row][vc_row full_width=&#8221;stretch_row&#8221; content_placement=&#8221;middle&#8221; parallax=&#8221;content-moving&#8221; parallax_image=&#8221;3267&#8243; css=&#8221;.vc_custom_1497035495065{padding-top: 40px !important;}&#8221;][vc_column][vc_empty_space height=&#8221;50px&#8221;][vc_column_text]<\/p>\n<h3 style=\"font-size: 36px; text-align: center;\"><span style=\"color: #4d4d4c;\">FEED DE NOT\u00cdCIAS<\/span><\/h3>\n<p>[\/vc_column_text][vc_empty_space height=&#8221;50px&#8221;][vc_row_inner][vc_column_inner width=&#8221;1\/3&#8243;][vc_column_text]<\/p>\n<h3 style=\"font-size: 26px;\"><span style=\"color: #4d4d4c;\">NOT\u00cdCIAS DE \u00daLTIMA HORA<\/span><\/h3>\n<p>[\/vc_column_text][vc_column_text css_animation=&#8221;none&#8221;]<\/p>\n<div><iframe loading=\"lazy\" src=\"https:\/\/feed.mikle.com\/widget\/v2\/32173\" width=\"300\" height=\"620\"><\/iframe><\/div>\n<p>[\/vc_column_text][vc_empty_space height=&#8221;60px&#8221;][\/vc_column_inner][vc_column_inner width=&#8221;1\/3&#8243;][vc_column_text]<\/p>\n<h3 style=\"font-size: 26px;\"><span style=\"color: #4d4d4c;\">NOT\u00cdCIAS INTERNACIONAIS<\/span><\/h3>\n<p>[\/vc_column_text][vc_column_text css_animation=&#8221;bottom-to-top&#8221;]<\/p>\n<div><iframe loading=\"lazy\" style=\"background-color: #ffffff;\" src=\"https:\/\/feed.mikle.com\/widget\/v2\/22467\" width=\"300\" height=\"620\"><\/iframe><\/div>\n<p>[\/vc_column_text][vc_empty_space height=&#8221;60px&#8221;][\/vc_column_inner][vc_column_inner width=&#8221;1\/3&#8243;][vc_column_text]<a href=\"http:\/\/holdingsa.com\/\" target=\"_blank\" rel=\"noopener noreferrer\"><img class=\"aligncenter size-full wp-image-3253\" src=\"http:\/\/holdinginvestimentos.com\/wp-content\/uploads\/2017\/06\/logo_holding-sports.png\" alt=\"\" width=\"250\"><\/a>[\/vc_column_text][vc_column_text css_animation=&#8221;none&#8221;]<\/p>\n<div><iframe loading=\"lazy\" style=\"background-color: #ffffff;\" src=\"https:\/\/feed.mikle.com\/widget\/v2\/22283\/\" width=\"300\" height=\"440\"><\/iframe><\/div>\n<p>[\/vc_column_text][vc_empty_space height=&#8221;60px&#8221;][\/vc_column_inner][\/vc_row_inner][\/vc_column][\/vc_row]<\/p>\n","protected":false},"excerpt":{"rendered":"<p>[vc_row][vc_column][vc_empty_space height=&#8221;80px&#8221;][vc_column_text] Holding Imobili\u00e1ria es reconocida internacionalmente por su excelencia, siendo una empresa del grupo Holding S. S. Asesor\u00eda. [\/vc_column_text][vc_empty_space height=&#8221;30px&#8221;][vc_video link=&#8221;&#8221; align=&#8221;center&#8221;][vc_column_text] Holding Imobili\u00e1ria es una empresa especializada en clientes VIP, que ofrece servicios profesionales con la calidad 5 estrellas. Por su dedicaci\u00f3n exclusiva, nos hemos convertido en la elecci\u00f3n n\u00famero uno de deportistas, [&hellip;]<\/p>\n","protected":false},"author":1,"featured_media":0,"parent":0,"menu_order":0,"comment_status":"closed","ping_status":"closed","template":"template\/template-homepage.php","meta":[],"_links":{"self":[{"href":"http:\/\/holdingimobiliaria.com\/pt-br\/wp-json\/wp\/v2\/pages\/5052\/"}],"collection":[{"href":"http:\/\/holdingimobiliaria.com\/pt-br\/wp-json\/wp\/v2\/pages\/"}],"about":[{"href":"http:\/\/holdingimobiliaria.com\/pt-br\/wp-json\/wp\/v2\/types\/page\/"}],"author":[{"embeddable":true,"href":"http:\/\/holdingimobiliaria.com\/pt-br\/wp-json\/wp\/v2\/users\/1\/"}],"replies":[{"embeddable":true,"href":"http:\/\/holdingimobiliaria.com\/pt-br\/wp-json\/wp\/v2\/comments\/?post=5052"}],"version-history":[{"count":6,"href":"http:\/\/holdingimobiliaria.com\/pt-br\/wp-json\/wp\/v2\/pages\/5052\/revisions\/"}],"predecessor-version":[{"id":5189,"href":"http:\/\/holdingimobiliaria.com\/pt-br\/wp-json\/wp\/v2\/pages\/5052\/revisions\/5189\/"}],"wp:attachment":[{"href":"http:\/\/holdingimobiliaria.com\/pt-br\/wp-json\/wp\/v2\/media\/?parent=5052"}],"curies":[{"name":"wp","href":"https:\/\/api.w.org\/{rel}","templated":true}]}}