{"id":5054,"date":"2019-03-16T22:42:05","date_gmt":"2019-03-17T01:42:05","guid":{"rendered":"http:\/\/holdinginvestimentos.com\/?page_id=5054"},"modified":"2019-03-24T13:24:23","modified_gmt":"2019-03-24T16:24:23","slug":"ti-id","status":"publish","type":"page","link":"http:\/\/holdingimobiliaria.com\/pt-br\/ti-id\/","title":{"rendered":"TI &#038; I+D"},"content":{"rendered":"<p>[vc_row][vc_column][vc_empty_space height=&#8221;80px&#8221;][vc_column_text]<\/p>\n<h1 style=\"text-align: center;\">TI (Tecnolog\u00eda de la Informaci\u00f3n) &amp; I+D (Investigaci\u00f3n y Desarrollo)<\/h1>\n<p>[\/vc_column_text][vc_empty_space height=&#8221;30px&#8221;][vc_video link=&#8221;&#8221; align=&#8221;center&#8221;][vc_column_text]<strong><img loading=\"lazy\" class=\"size-medium wp-image-5076 alignleft\" src=\"http:\/\/holdinginvestimentos.com\/wp-content\/uploads\/2019\/03\/Reuniao-Holding-300x179.png\" alt=\"\" width=\"300\" height=\"179\" srcset=\"http:\/\/holdingimobiliaria.com\/wp-content\/uploads\/2019\/03\/Reuniao-Holding-300x179.png 300w, http:\/\/holdingimobiliaria.com\/wp-content\/uploads\/2019\/03\/Reuniao-Holding-150x89.png 150w, http:\/\/holdingimobiliaria.com\/wp-content\/uploads\/2019\/03\/Reuniao-Holding.png 321w\" sizes=\"(max-width: 300px) 100vw, 300px\" \/><\/strong><\/p>\n<p><strong>Holding Investimentos<\/strong> conecta, intermedia y asesora <strong>consultoras TI<\/strong> alrededor del mundo.<\/p>\n<p>Contamos con una amplia experiencia en el establecimiento de colaboraciones y alianzas con los l\u00edderes tecnol\u00f3gicos m\u00e1s importantes del mercado, acelerando su futuro de forma estrat\u00e9gica.[\/vc_column_text][vc_empty_space height=&#8221;80px&#8221;][\/vc_column][\/vc_row][vc_row full_width=&#8221;stretch_row&#8221; css=&#8221;.vc_custom_1552508491174{background-color: #fe9d0b !important;}&#8221;][vc_column][vc_empty_space height=&#8221;50px&#8221;][vc_row_inner][vc_column_inner width=&#8221;2\/3&#8243;][vc_column_text]<\/p>\n<p><img loading=\"lazy\" class=\"size-medium wp-image-5177 alignleft\" src=\"http:\/\/holdinginvestimentos.com\/wp-content\/uploads\/2019\/03\/bancos-300x225.jpg\" alt=\"\" width=\"300\" height=\"225\" srcset=\"http:\/\/holdingimobiliaria.com\/wp-content\/uploads\/2019\/03\/bancos-300x225.jpg 300w, http:\/\/holdingimobiliaria.com\/wp-content\/uploads\/2019\/03\/bancos-150x113.jpg 150w, http:\/\/holdingimobiliaria.com\/wp-content\/uploads\/2019\/03\/bancos-350x263.jpg 350w, http:\/\/holdingimobiliaria.com\/wp-content\/uploads\/2019\/03\/bancos.jpg 640w\" sizes=\"(max-width: 300px) 100vw, 300px\" \/>Es fundamental anticiparnos siempre en la tecnolog\u00eda al servicio de la protecci\u00f3n, para hacer frente a todo tipo de amenazas en bancos, etc.<\/p>\n<p>Desarrollamos soluciones fiables y adaptadas a las plataformas m\u00e1s exigentes, ayudando a grandes empresas emprendedoras, startups y grupos de investigaci\u00f3n de las universidades al desarrollo de proyectos.[\/vc_column_text][\/vc_column_inner][vc_column_inner width=&#8221;1\/3&#8243;][vc_single_image image=&#8221;5078&#8243; img_size=&#8221;full&#8221; alignment=&#8221;center&#8221;][\/vc_column_inner][\/vc_row_inner][vc_empty_space height=&#8221;30px&#8221;][vc_column_text]<\/p>\n<h1 style=\"text-align: center;\"><b>En un mundo que cambia constantemente, ya no s\u00f3lo importa el cambio, sino la velocidad a la que se produce.<\/b><\/h1>\n<p>[\/vc_column_text][vc_empty_space height=&#8221;80px&#8221;][\/vc_column][\/vc_row][vc_row full_width=&#8221;stretch_row&#8221; css=&#8221;.vc_custom_1496957782049{background-image: url(http:\/\/holdinginvestimentos.com\/investimentos-imobiliarios\/wp-content\/uploads\/2016\/03\/section_site_holding_investimentos.jpg?id=3215) !important;}&#8221;][vc_column][vc_empty_space height=&#8221;40px&#8221;][vc_row_inner][vc_column_inner width=&#8221;1\/2&#8243;][vc_column_text][\/vc_column_text][\/vc_column_inner][vc_column_inner width=&#8221;1\/2&#8243;][vc_column_text][\/vc_column_text][vc_column_text][\/vc_column_text][\/vc_column_inner][\/vc_row_inner][vc_empty_space height=&#8221;40px&#8221;][\/vc_column][\/vc_row][vc_row full_width=&#8221;stretch_row&#8221; css=&#8221;.vc_custom_1552511671441{background-color: #404297 !important;}&#8221;][vc_column][vc_empty_space height=&#8221;40px&#8221;][vc_column_text][\/vc_column_text][vc_column_text][\/vc_column_text][vc_empty_space height=&#8221;40px&#8221;][\/vc_column][\/vc_row][vc_row full_width=&#8221;stretch_row&#8221; css=&#8221;.vc_custom_1496957782049{background-image: url(http:\/\/holdinginvestimentos.com\/investimentos-imobiliarios\/wp-content\/uploads\/2016\/03\/section_site_holding_investimentos.jpg?id=3215) !important;}&#8221;][vc_column][vc_empty_space height=&#8221;40px&#8221;][vc_column_text][\/vc_column_text][vc_column_text]<\/p>\n<h3><\/h3>\n<h4><\/h4>\n<p>[\/vc_column_text][vc_empty_space height=&#8221;40px&#8221;][\/vc_column][\/vc_row][vc_row full_width=&#8221;stretch_row&#8221; content_placement=&#8221;middle&#8221; parallax=&#8221;content-moving&#8221; parallax_image=&#8221;3267&#8243; css=&#8221;.vc_custom_1497035495065{padding-top: 40px !important;}&#8221;][vc_column][vc_empty_space height=&#8221;40px&#8221;][vc_column_text]<\/p>\n<h3 style=\"font-size: 36px; text-align: center;\"><span style=\"color: #4d4d4c;\">FEED DE NOT\u00cdCIAS<\/span><\/h3>\n<p>[\/vc_column_text][vc_empty_space height=&#8221;50px&#8221;][vc_row_inner][vc_column_inner width=&#8221;1\/3&#8243;][vc_column_text]<\/p>\n<h3 style=\"font-size: 26px;\"><span style=\"color: #4d4d4c;\">NOT\u00cdCIAS DE \u00daLTIMA HORA<\/span><\/h3>\n<p>[\/vc_column_text][vc_column_text css_animation=&#8221;none&#8221;]<\/p>\n<div><iframe loading=\"lazy\" src=\"https:\/\/feed.mikle.com\/widget\/v2\/32173\" width=\"300\" height=\"620\"><\/iframe><\/div>\n<p>[\/vc_column_text][vc_empty_space height=&#8221;60px&#8221;][\/vc_column_inner][vc_column_inner width=&#8221;1\/3&#8243;][vc_column_text]<\/p>\n<h3 style=\"font-size: 26px;\"><span style=\"color: #4d4d4c;\">NOT\u00cdCIAS INTERNACIONAIS<\/span><\/h3>\n<p>[\/vc_column_text][vc_column_text css_animation=&#8221;bottom-to-top&#8221;]<\/p>\n<div><iframe loading=\"lazy\" style=\"background-color: #ffffff;\" src=\"https:\/\/feed.mikle.com\/widget\/v2\/22467\" width=\"300\" height=\"620\"><\/iframe><\/div>\n<p>[\/vc_column_text][vc_empty_space height=&#8221;60px&#8221;][\/vc_column_inner][vc_column_inner width=&#8221;1\/3&#8243;][vc_column_text]<a href=\"http:\/\/holdingsa.com\/\" target=\"_blank\" rel=\"noopener noreferrer\"><img class=\"aligncenter size-full wp-image-3253\" src=\"http:\/\/holdinginvestimentos.com\/wp-content\/uploads\/2017\/06\/logo_holding-sports.png\" alt=\"\" width=\"250\" \/><\/a>[\/vc_column_text][vc_column_text css_animation=&#8221;none&#8221;]<\/p>\n<div><iframe loading=\"lazy\" style=\"background-color: #ffffff;\" src=\"https:\/\/feed.mikle.com\/widget\/v2\/22283\/\" width=\"300\" height=\"440\"><\/iframe><\/div>\n<p>[\/vc_column_text][vc_empty_space height=&#8221;60px&#8221;][\/vc_column_inner][\/vc_row_inner][\/vc_column][\/vc_row]<\/p>\n","protected":false},"excerpt":{"rendered":"<p>[vc_row][vc_column][vc_empty_space height=&#8221;80px&#8221;][vc_column_text] TI (Tecnolog\u00eda de la Informaci\u00f3n) &amp; I+D (Investigaci\u00f3n y Desarrollo) [\/vc_column_text][vc_empty_space height=&#8221;30px&#8221;][vc_video link=&#8221;&#8221; align=&#8221;center&#8221;][vc_column_text] Holding Investimentos conecta, intermedia y asesora consultoras TI alrededor del mundo. Contamos con una amplia experiencia en el establecimiento de colaboraciones y alianzas con los l\u00edderes tecnol\u00f3gicos m\u00e1s importantes del mercado, acelerando su futuro de forma estrat\u00e9gica.[\/vc_column_text][vc_empty_space height=&#8221;80px&#8221;][\/vc_column][\/vc_row][vc_row full_width=&#8221;stretch_row&#8221; [&hellip;]<\/p>\n","protected":false},"author":2,"featured_media":0,"parent":0,"menu_order":0,"comment_status":"closed","ping_status":"closed","template":"template\/template-homepage.php","meta":[],"_links":{"self":[{"href":"http:\/\/holdingimobiliaria.com\/pt-br\/wp-json\/wp\/v2\/pages\/5054\/"}],"collection":[{"href":"http:\/\/holdingimobiliaria.com\/pt-br\/wp-json\/wp\/v2\/pages\/"}],"about":[{"href":"http:\/\/holdingimobiliaria.com\/pt-br\/wp-json\/wp\/v2\/types\/page\/"}],"author":[{"embeddable":true,"href":"http:\/\/holdingimobiliaria.com\/pt-br\/wp-json\/wp\/v2\/users\/2\/"}],"replies":[{"embeddable":true,"href":"http:\/\/holdingimobiliaria.com\/pt-br\/wp-json\/wp\/v2\/comments\/?post=5054"}],"version-history":[{"count":8,"href":"http:\/\/holdingimobiliaria.com\/pt-br\/wp-json\/wp\/v2\/pages\/5054\/revisions\/"}],"predecessor-version":[{"id":5180,"href":"http:\/\/holdingimobiliaria.com\/pt-br\/wp-json\/wp\/v2\/pages\/5054\/revisions\/5180\/"}],"wp:attachment":[{"href":"http:\/\/holdingimobiliaria.com\/pt-br\/wp-json\/wp\/v2\/media\/?parent=5054"}],"curies":[{"name":"wp","href":"https:\/\/api.w.org\/{rel}","templated":true}]}}