{"id":5100,"date":"2019-03-17T12:56:14","date_gmt":"2019-03-17T15:56:14","guid":{"rendered":"http:\/\/holdinginvestimentos.com\/?page_id=5100"},"modified":"2019-03-24T13:19:09","modified_gmt":"2019-03-24T16:19:09","slug":"importacion-exportacion-y-franquicias","status":"publish","type":"page","link":"http:\/\/holdingimobiliaria.com\/pt-br\/importacion-exportacion-y-franquicias\/","title":{"rendered":"TRADE &#038; FRANQUICIAS"},"content":{"rendered":"<p>[vc_row][vc_column][vc_empty_space height=&#8221;40px&#8221;][vc_column_text]<\/p>\n<h1 style=\"text-align: center;\"><b>Holding Trade <\/b>es una empresa del <b>Grupo <\/b><b>Holding, <\/b>que act\u00faa en el sector de la importaci\u00f3n y exportaci\u00f3n de productos.<\/h1>\n<p>[\/vc_column_text][vc_empty_space height=&#8221;40px&#8221;][vc_video link=&#8221;&#8221; align=&#8221;center&#8221;][vc_column_text]<img loading=\"lazy\" class=\"wp-image-5101 size-medium alignright\" src=\"http:\/\/holdinginvestimentos.com\/wp-content\/uploads\/2019\/03\/images-24-300x137.jpg\" alt=\"\" width=\"300\" height=\"137\" srcset=\"http:\/\/holdingimobiliaria.com\/wp-content\/uploads\/2019\/03\/images-24-300x137.jpg 300w, http:\/\/holdingimobiliaria.com\/wp-content\/uploads\/2019\/03\/images-24-150x69.jpg 150w, http:\/\/holdingimobiliaria.com\/wp-content\/uploads\/2019\/03\/images-24.jpg 332w\" sizes=\"(max-width: 300px) 100vw, 300px\" \/><\/p>\n<p>Lo hacemos a trav\u00e9s de la internacionalizaci\u00f3n de las empresas a las que representamos, trabajamos grandes empresas, PYMES, microempresas o aut\u00f3nomos, cubriendo todo el trabajo necesario con integridad, compromiso y confianza.<\/p>\n<p>[\/vc_column_text][vc_empty_space height=&#8221;80px&#8221;][\/vc_column][\/vc_row][vc_row full_width=&#8221;stretch_row&#8221; css=&#8221;.vc_custom_1552788112692{background-color: #404297 !important;}&#8221;][vc_column][vc_empty_space height=&#8221;50px&#8221;][vc_column_text]<\/p>\n<p style=\"text-align: center;\"><span style=\"color: #ffffff;\"><b>Holding <\/b><b>Trade <\/b>est\u00e1 dirigido por profesionales con a\u00f1os de extensa y exitosa experiencia en comercio exterior. <\/span><\/p>\n<p style=\"text-align: center;\"><span style=\"color: #ffffff;\">Aprovechamos nuestras conexiones en m\u00e1s de setenta y cinco pa\u00edses para ofrecer un servicio a medida, garantizando que cada cliente dispondr\u00e1 de un equipo adaptado a sus necesidades.<\/span><\/p>\n<p>[\/vc_column_text][vc_empty_space height=&#8221;50px&#8221;][\/vc_column][\/vc_row][vc_row full_width=&#8221;stretch_row&#8221; css=&#8221;.vc_custom_1496957782049{background-image: url(http:\/\/holdinginvestimentos.com\/investimentos-imobiliarios\/wp-content\/uploads\/2016\/03\/section_site_holding_investimentos.jpg?id=3215) !important;}&#8221;][vc_column][vc_empty_space height=&#8221;40px&#8221;][vc_row_inner][vc_column_inner][vc_column_text]<img loading=\"lazy\" class=\"wp-image-5111 size-medium alignleft\" src=\"http:\/\/holdinginvestimentos.com\/wp-content\/uploads\/2019\/03\/ExpntuStandenExpofranquicia-300x200.jpg\" alt=\"\" width=\"300\" height=\"200\" srcset=\"http:\/\/holdingimobiliaria.com\/wp-content\/uploads\/2019\/03\/ExpntuStandenExpofranquicia-300x200.jpg 300w, http:\/\/holdingimobiliaria.com\/wp-content\/uploads\/2019\/03\/ExpntuStandenExpofranquicia-768x512.jpg 768w, http:\/\/holdingimobiliaria.com\/wp-content\/uploads\/2019\/03\/ExpntuStandenExpofranquicia-150x100.jpg 150w, http:\/\/holdingimobiliaria.com\/wp-content\/uploads\/2019\/03\/ExpntuStandenExpofranquicia-385x258.jpg 385w, http:\/\/holdingimobiliaria.com\/wp-content\/uploads\/2019\/03\/ExpntuStandenExpofranquicia-350x233.jpg 350w, http:\/\/holdingimobiliaria.com\/wp-content\/uploads\/2019\/03\/ExpntuStandenExpofranquicia.jpg 1023w\" sizes=\"(max-width: 300px) 100vw, 300px\" \/><\/p>\n<p>Dentro de nuestra empresa tenemos una l\u00ednea compuesta por expertos profesionales especializados en Franquicias.<\/p>\n<p>La independencia de criterio, nuestra amplia experiencia en temas de consultor\u00eda y desarrollo de franquicias, la comercializaci\u00f3n dentro y fuera de cada pa\u00eds, nos permiten elaborar con \u00e9xito los proyectos en los cuales trabajamos.<\/p>\n<p>Somos suficientemente grandes para trabajar internacionalmente, pero suficientemente peque\u00f1os para tratarle como un amigo.[\/vc_column_text][\/vc_column_inner][\/vc_row_inner][vc_empty_space height=&#8221;40px&#8221;][\/vc_column][\/vc_row][vc_row full_width=&#8221;stretch_row&#8221; css=&#8221;.vc_custom_1552789282634{background-color: #fe9d0b !important;}&#8221;][vc_column][vc_empty_space height=&#8221;40px&#8221;][vc_column_text]<\/p>\n<h2 style=\"text-align: center;\"><b>TE AYUDAMOS A ENCONTRAR LA MEJOR SOLUCI\u00d3N&nbsp; PARA TU NEGOCIO<\/b><\/h2>\n<p>[\/vc_column_text][vc_empty_space height=&#8221;40px&#8221;][\/vc_column][\/vc_row][vc_row full_width=&#8221;stretch_row&#8221; css=&#8221;.vc_custom_1496957782049{background-image: url(http:\/\/holdinginvestimentos.com\/investimentos-imobiliarios\/wp-content\/uploads\/2016\/03\/section_site_holding_investimentos.jpg?id=3215) !important;}&#8221;][vc_column][vc_empty_space height=&#8221;40px&#8221;][vc_column_text]<img loading=\"lazy\" class=\"wp-image-5117 size-full aligncenter\" src=\"http:\/\/holdinginvestimentos.com\/wp-content\/uploads\/2019\/03\/Mundo-Informacoes-2.jpg\" alt=\"\" width=\"555\" height=\"260\" srcset=\"http:\/\/holdingimobiliaria.com\/wp-content\/uploads\/2019\/03\/Mundo-Informacoes-2.jpg 555w, http:\/\/holdingimobiliaria.com\/wp-content\/uploads\/2019\/03\/Mundo-Informacoes-2-300x141.jpg 300w, http:\/\/holdingimobiliaria.com\/wp-content\/uploads\/2019\/03\/Mundo-Informacoes-2-150x70.jpg 150w, http:\/\/holdingimobiliaria.com\/wp-content\/uploads\/2019\/03\/Mundo-Informacoes-2-350x164.jpg 350w\" sizes=\"(max-width: 555px) 100vw, 555px\" \/>[\/vc_column_text][vc_column_text]<\/p>\n<h3><\/h3>\n<h4><\/h4>\n<p>[\/vc_column_text][vc_empty_space height=&#8221;40px&#8221;][\/vc_column][\/vc_row][vc_row full_width=&#8221;stretch_row&#8221; content_placement=&#8221;middle&#8221; parallax=&#8221;content-moving&#8221; parallax_image=&#8221;3267&#8243; css=&#8221;.vc_custom_1497035495065{padding-top: 40px !important;}&#8221;][vc_column][vc_empty_space height=&#8221;50px&#8221;][vc_column_text]<\/p>\n<h3 style=\"font-size: 36px; text-align: center;\"><span style=\"color: #4d4d4c;\">FEED DE NOT\u00cdCIAS<\/span><\/h3>\n<p>[\/vc_column_text][vc_empty_space height=&#8221;50px&#8221;][vc_row_inner][vc_column_inner width=&#8221;1\/3&#8243;][vc_column_text]<\/p>\n<h3 style=\"font-size: 26px;\"><span style=\"color: #4d4d4c;\">NOT\u00cdCIAS DE \u00daLTIMA HORA<\/span><\/h3>\n<p>[\/vc_column_text][vc_column_text css_animation=&#8221;none&#8221;]<\/p>\n<div><iframe loading=\"lazy\" src=\"https:\/\/feed.mikle.com\/widget\/v2\/32173\" width=\"300\" height=\"620\"><\/iframe><\/div>\n<p>[\/vc_column_text][vc_empty_space height=&#8221;60px&#8221;][\/vc_column_inner][vc_column_inner width=&#8221;1\/3&#8243;][vc_column_text]<\/p>\n<h3 style=\"font-size: 26px;\"><span style=\"color: #4d4d4c;\">NOT\u00cdCIAS INTERNACIONAIS<\/span><\/h3>\n<p>[\/vc_column_text][vc_column_text css_animation=&#8221;bottom-to-top&#8221;]<\/p>\n<div><iframe loading=\"lazy\" style=\"background-color: #ffffff;\" src=\"https:\/\/feed.mikle.com\/widget\/v2\/22467\" width=\"300\" height=\"620\"><\/iframe><\/div>\n<p>[\/vc_column_text][vc_empty_space height=&#8221;60px&#8221;][\/vc_column_inner][vc_column_inner width=&#8221;1\/3&#8243;][vc_column_text]<a href=\"http:\/\/holdingsa.com\/\" target=\"_blank\" rel=\"noopener noreferrer\"><img class=\"aligncenter size-full wp-image-3253\" src=\"http:\/\/holdinginvestimentos.com\/wp-content\/uploads\/2017\/06\/logo_holding-sports.png\" alt=\"\" width=\"250\"><\/a>[\/vc_column_text][vc_column_text css_animation=&#8221;none&#8221;]<\/p>\n<div><iframe loading=\"lazy\" style=\"background-color: #ffffff;\" src=\"https:\/\/feed.mikle.com\/widget\/v2\/22283\/\" width=\"300\" height=\"440\"><\/iframe><\/div>\n<p>[\/vc_column_text][vc_empty_space height=&#8221;60px&#8221;][\/vc_column_inner][\/vc_row_inner][\/vc_column][\/vc_row]<\/p>\n","protected":false},"excerpt":{"rendered":"<p>[vc_row][vc_column][vc_empty_space height=&#8221;40px&#8221;][vc_column_text] Holding Trade es una empresa del Grupo Holding, que act\u00faa en el sector de la importaci\u00f3n y exportaci\u00f3n de productos. [\/vc_column_text][vc_empty_space height=&#8221;40px&#8221;][vc_video link=&#8221;&#8221; align=&#8221;center&#8221;][vc_column_text] Lo hacemos a trav\u00e9s de la internacionalizaci\u00f3n de las empresas a las que representamos, trabajamos grandes empresas, PYMES, microempresas o aut\u00f3nomos, cubriendo todo el trabajo necesario con integridad, compromiso [&hellip;]<\/p>\n","protected":false},"author":2,"featured_media":0,"parent":0,"menu_order":0,"comment_status":"closed","ping_status":"closed","template":"template\/template-homepage.php","meta":[],"_links":{"self":[{"href":"http:\/\/holdingimobiliaria.com\/pt-br\/wp-json\/wp\/v2\/pages\/5100\/"}],"collection":[{"href":"http:\/\/holdingimobiliaria.com\/pt-br\/wp-json\/wp\/v2\/pages\/"}],"about":[{"href":"http:\/\/holdingimobiliaria.com\/pt-br\/wp-json\/wp\/v2\/types\/page\/"}],"author":[{"embeddable":true,"href":"http:\/\/holdingimobiliaria.com\/pt-br\/wp-json\/wp\/v2\/users\/2\/"}],"replies":[{"embeddable":true,"href":"http:\/\/holdingimobiliaria.com\/pt-br\/wp-json\/wp\/v2\/comments\/?post=5100"}],"version-history":[{"count":20,"href":"http:\/\/holdingimobiliaria.com\/pt-br\/wp-json\/wp\/v2\/pages\/5100\/revisions\/"}],"predecessor-version":[{"id":5190,"href":"http:\/\/holdingimobiliaria.com\/pt-br\/wp-json\/wp\/v2\/pages\/5100\/revisions\/5190\/"}],"wp:attachment":[{"href":"http:\/\/holdingimobiliaria.com\/pt-br\/wp-json\/wp\/v2\/media\/?parent=5100"}],"curies":[{"name":"wp","href":"https:\/\/api.w.org\/{rel}","templated":true}]}}