{"id":4999,"date":"2019-02-27T20:21:42","date_gmt":"2019-02-27T23:21:42","guid":{"rendered":"http:\/\/holdinginvestimentos.com\/?page_id=4999"},"modified":"2019-02-27T20:31:12","modified_gmt":"2019-02-27T23:31:12","slug":"pagina-em-construcao","status":"publish","type":"page","link":"https:\/\/holdingimobiliaria.com\/pt-br\/pagina-em-construcao\/","title":{"rendered":"P\u00e1gina em Constru\u00e7\u00e3o"},"content":{"rendered":"<p>[vc_row][vc_column width=&#8221;1\/2&#8243;][vc_column_text]<\/p>\n<h1>P\u00c1GINA EM CONSTRU\u00c7\u00c3O<\/h1>\n<p>[\/vc_column_text][vc_column_text]<\/p>\n<h1>FALE COM A NOSSA EQUIPE<\/h1>\n<p>[\/vc_column_text][vc_column_text]<div class=\"frm_forms  with_frm_style frm_style_formidable-style\" id=\"frm_form_4_container\" >\n<form enctype=\"multipart\/form-data\" method=\"post\" class=\"frm-show-form \" id=\"form_k4u2x\" >\n<div class=\"frm_form_fields \">\n<fieldset>\n<legend class=\"frm_hidden\">Formul\u00e1rio\/Or\u00e7amento<\/legend>\r\n\r\n<input type=\"hidden\" name=\"frm_action\" value=\"create\" \/>\n<input type=\"hidden\" name=\"form_id\" value=\"4\" \/>\n<input type=\"hidden\" name=\"frm_hide_fields_4\" id=\"frm_hide_fields_4\" value=\"\" \/>\n<input type=\"hidden\" name=\"form_key\" value=\"k4u2x\" \/>\n<input type=\"hidden\" name=\"item_meta[0]\" value=\"\" \/>\n<input type=\"hidden\" id=\"frm_submit_entry_4\" name=\"frm_submit_entry_4\" value=\"dfc3525dd6\" \/><input type=\"hidden\" name=\"_wp_http_referer\" value=\"\/pt-br\/wp-json\/wp\/v2\/pages\/4999\/\" \/><input type=\"text\" class=\"frm_hidden\" id=\"frm_verify\" name=\"frm_verify\" value=\"\"  \/>\n\n<div id=\"frm_field_54_container\" class=\"frm_form_field form-field  frm_required_field frm_top_container\">\r\n    <label for=\"field_qw0uy\" class=\"frm_primary_label\">Nome\r\n        <span class=\"frm_required\">*<\/span>\r\n    <\/label>\r\n    <input type=\"text\" id=\"field_qw0uy\" name=\"item_meta[54]\" value=\"\"  data-reqmsg=\"Esse campo n\u00e3o pode ser em branco.\"  \/>\n\r\n    \r\n    \r\n<\/div>\n<div id=\"frm_field_55_container\" class=\"frm_form_field form-field  frm_required_field frm_top_container\">\r\n    <label for=\"field_4opfw\" class=\"frm_primary_label\">Telefone\r\n        <span class=\"frm_required\">*<\/span>\r\n    <\/label>\r\n    <input type=\"text\" id=\"field_4opfw\" name=\"item_meta[55]\" value=\"\"  data-reqmsg=\"Esse campo n\u00e3o pode ser em branco.\"  \/>\n\r\n    \r\n    \r\n<\/div>\n<div id=\"frm_field_56_container\" class=\"frm_form_field form-field  frm_required_field frm_top_container\">\r\n    <label for=\"field_htl04\" class=\"frm_primary_label\">Email\r\n        <span class=\"frm_required\">*<\/span>\r\n    <\/label>\r\n    <input type=\"email\" id=\"field_htl04\" name=\"item_meta[56]\" value=\"\"  data-reqmsg=\"Esse campo n\u00e3o pode ser em branco.\"  \/>\n\r\n    \r\n    \r\n<\/div>\n<div id=\"frm_field_57_container\" class=\"frm_form_field form-field  frm_required_field frm_top_container\">\r\n    <label for=\"field_qu4m8\" class=\"frm_primary_label\">Assunto\r\n        <span class=\"frm_required\">*<\/span>\r\n    <\/label>\r\n    <input type=\"text\" id=\"field_qu4m8\" name=\"item_meta[57]\" value=\"\"  data-reqmsg=\"Esse campo n\u00e3o pode ser em branco.\"  \/>\n\r\n    \r\n    \r\n<\/div>\n<div id=\"frm_field_58_container\" class=\"frm_form_field form-field  frm_required_field frm_top_container\">\r\n    <label for=\"field_19o3b\" class=\"frm_primary_label\">Mensagem\r\n        <span class=\"frm_required\">*<\/span>\r\n    <\/label>\r\n    <textarea name=\"item_meta[58]\" id=\"field_19o3b\" rows=\"5\"  data-reqmsg=\"Esse campo n\u00e3o pode ser em branco.\"  ><\/textarea>\n\r\n    \r\n    \r\n<\/div>\n<input type=\"hidden\" name=\"item_key\" value=\"\" \/>\n<div class=\"frm_submit\">\r\n\r\n<button class=\"frm_button_submit\" type=\"submit\"  >Enviar<\/button>\r\n\r\n<\/div><\/fieldset>\n<\/div>\n<\/form>\n<\/div>\n[\/vc_column_text][\/vc_column][vc_column width=&#8221;1\/2&#8243;][vc_column_text]<\/p>\n<h1>CONTATO<\/h1>\n<p>[\/vc_column_text][vc_column_text]<img src=\"http:\/\/holdinginvestimentos.com\/wp-content\/uploads\/2017\/06\/stepped-building-16.png\" alt=\"Skaype\" \/> HOLDING INVESTIMENTOS<\/p>\n<p><a href=\"tel:5521981239663\"><img src=\"http:\/\/eadesign.art.br\/holdingsports\/wp-content\/uploads\/2017\/04\/whatsapp.png\" alt=\"WhatsApp\" \/><span style=\"color: #000000;\">+55 21 98123 9663<\/span><\/a><\/p>\n<p><span style=\"color: #000000;\"><a style=\"color: #000000;\" href=\"tel:34616093410\"><img src=\"http:\/\/eadesign.art.br\/holdingsports\/wp-content\/uploads\/2017\/04\/whatsapp.png\" alt=\"WhatsApp\" \/> +34 616 093 410<\/a><\/span><\/p>\n<p><span style=\"color: #000000;\"><img src=\"http:\/\/holdinginvestimentos.com\/wp-content\/uploads\/2017\/06\/email-16.png\" alt=\"Email\" \/><a style=\"color: #000000;\" href=\"mailto:holdingsports@holdingsa.com\"> holdinginvestiment@gmail.com<\/a><\/span><\/p>\n<p><span style=\"color: #000000;\"><img src=\"http:\/\/holdinginvestimentos.com\/wp-content\/uploads\/2017\/06\/skype-logo-16.png\" alt=\"Skaype\" \/><a style=\"color: #000000;\" href=\"skype:holdingsports?call\"> holdingsports<\/a><\/span>[\/vc_column_text][\/vc_column][\/vc_row][vc_row][vc_column][vc_empty_space height=&#8221;50px&#8221;][\/vc_column][\/vc_row][vc_row full_width=&#8221;stretch_row&#8221;][vc_column][vc_gmaps link=&#8221;#E-8_JTNDaWZyYW1lJTIwc3JjJTNEJTIyaHR0cHMlM0ElMkYlMkZ3d3cuZ29vZ2xlLmNvbSUyRm1hcHMlMkZlbWJlZCUzRnBiJTNEJTIxMW0wJTIxM20yJTIxMXNwdC1CUiUyMTJzYnIlMjE0djE0OTA2NDg2MTY5OTklMjE2bTglMjExbTclMjExc0dOQ3pDNW5FUmRjVlR5aUljckt6UlElMjEybTIlMjExZC0yMy4wMTA5OTg1MTk3MzQzNCUyMTJkLTQzLjMyODk4MTcwNDUyMTE0JTIxM2YzMjkuOTY5NjExMjE0OTIxOSUyMTRmMjYuODAwNjkyMDU5MTcwNTMlMjE1ZjAuNDAwMDAwMDAwMDAwMDAwMiUyMiUyMHdpZHRoJTNEJTIyNjAwJTIyJTIwaGVpZ2h0JTNEJTIyNzAwJTIyJTIwZnJhbWVib3JkZXIlM0QlMjIwJTIyJTIwc3R5bGUlM0QlMjJib3JkZXIlM0EwJTIyJTIwYWxsb3dmdWxsc2NyZWVuJTNFJTNDJTJGaWZyYW1lJTNF&#8221;][\/vc_column][\/vc_row]<\/p>\n","protected":false},"excerpt":{"rendered":"<p>[vc_row][vc_column width=&#8221;1\/2&#8243;][vc_column_text] P\u00c1GINA EM CONSTRU\u00c7\u00c3O [\/vc_column_text][vc_column_text] FALE COM A NOSSA EQUIPE [\/vc_column_text][vc_column_text][\/vc_column_text][\/vc_column][vc_column width=&#8221;1\/2&#8243;][vc_column_text] CONTATO [\/vc_column_text][vc_column_text] HOLDING INVESTIMENTOS +55 21 98123 9663 +34 616 093 410 holdinginvestiment@gmail.com holdingsports[\/vc_column_text][\/vc_column][\/vc_row][vc_row][vc_column][vc_empty_space height=&#8221;50px&#8221;][\/vc_column][\/vc_row][vc_row full_width=&#8221;stretch_row&#8221;][vc_column][vc_gmaps link=&#8221;#E-8_JTNDaWZyYW1lJTIwc3JjJTNEJTIyaHR0cHMlM0ElMkYlMkZ3d3cuZ29vZ2xlLmNvbSUyRm1hcHMlMkZlbWJlZCUzRnBiJTNEJTIxMW0wJTIxM20yJTIxMXNwdC1CUiUyMTJzYnIlMjE0djE0OTA2NDg2MTY5OTklMjE2bTglMjExbTclMjExc0dOQ3pDNW5FUmRjVlR5aUljckt6UlElMjEybTIlMjExZC0yMy4wMTA5OTg1MTk3MzQzNCUyMTJkLTQzLjMyODk4MTcwNDUyMTE0JTIxM2YzMjkuOTY5NjExMjE0OTIxOSUyMTRmMjYuODAwNjkyMDU5MTcwNTMlMjE1ZjAuNDAwMDAwMDAwMDAwMDAwMiUyMiUyMHdpZHRoJTNEJTIyNjAwJTIyJTIwaGVpZ2h0JTNEJTIyNzAwJTIyJTIwZnJhbWVib3JkZXIlM0QlMjIwJTIyJTIwc3R5bGUlM0QlMjJib3JkZXIlM0EwJTIyJTIwYWxsb3dmdWxsc2NyZWVuJTNFJTNDJTJGaWZyYW1lJTNF&#8221;][\/vc_column][\/vc_row]<\/p>\n","protected":false},"author":2,"featured_media":0,"parent":0,"menu_order":0,"comment_status":"closed","ping_status":"closed","template":"template\/template-page.php","meta":[],"_links":{"self":[{"href":"https:\/\/holdingimobiliaria.com\/pt-br\/wp-json\/wp\/v2\/pages\/4999\/"}],"collection":[{"href":"https:\/\/holdingimobiliaria.com\/pt-br\/wp-json\/wp\/v2\/pages\/"}],"about":[{"href":"https:\/\/holdingimobiliaria.com\/pt-br\/wp-json\/wp\/v2\/types\/page\/"}],"author":[{"embeddable":true,"href":"https:\/\/holdingimobiliaria.com\/pt-br\/wp-json\/wp\/v2\/users\/2\/"}],"replies":[{"embeddable":true,"href":"https:\/\/holdingimobiliaria.com\/pt-br\/wp-json\/wp\/v2\/comments\/?post=4999"}],"version-history":[{"count":4,"href":"https:\/\/holdingimobiliaria.com\/pt-br\/wp-json\/wp\/v2\/pages\/4999\/revisions\/"}],"predecessor-version":[{"id":5004,"href":"https:\/\/holdingimobiliaria.com\/pt-br\/wp-json\/wp\/v2\/pages\/4999\/revisions\/5004\/"}],"wp:attachment":[{"href":"https:\/\/holdingimobiliaria.com\/pt-br\/wp-json\/wp\/v2\/media\/?parent=4999"}],"curies":[{"name":"wp","href":"https:\/\/api.w.org\/{rel}","templated":true}]}}