{"id":692,"date":"2016-03-10T14:36:36","date_gmt":"2016-03-10T14:36:36","guid":{"rendered":"http:\/\/wordpress-13359-29135-128930.cloudwaysapps.com\/?page_id=692"},"modified":"2024-05-22T22:14:46","modified_gmt":"2024-05-23T01:14:46","slug":"novos-projetos","status":"publish","type":"page","link":"https:\/\/holdingimobiliaria.com\/pt-br\/novos-projetos\/","title":{"rendered":"NOVOS PROJETOS"},"content":{"rendered":"<p>[vc_row full_width=&#8221;stretch_row&#8221; css=&#8221;.vc_custom_1569974884017{background-image: url(http:\/\/holdingimobiliaria.com\/wp-content\/uploads\/2019\/06\/fundo-azul-abstrato-hd-4.jpg?id=7357) !important;background-position: center !important;background-repeat: no-repeat !important;background-size: cover !important;}&#8221;][vc_column]\n        <!--start advance search module-->\n        <div class=\"advanced-search advanced-search-module houzez-adv-price-range\">\n\n                        <form autocomplete=\"off\" method=\"get\" action=\"https:\/\/holdingimobiliaria.com\/pt-br\/resultados-da-pesquisa\/\">\n                <div class=\"row\">\n                                        \n                                            <div class=\"col-sm-2 col-xs-6\">\n                            <div class=\"form-group\">\n                                <select name=\"country\" class=\"selectpicker\" data-live-search=\"false\" data-live-search-style=\"begins\">\n                                    <option value=\"\">Todos os pa\u00edses<\/option><option value=\"BR\">Brasil<\/option><option value=\"ES\">Espanha<\/option><option value=\"FR\">Fran\u00e7a<\/option><option value=\"GB\">Reino Unido<\/option><option value=\"RU\">Federa\u00e7\u00e3o Russa<\/option><option value=\"US\">Estados Unidos<\/option>                                <\/select>\n                            <\/div>\n                        <\/div>\n                    \n                                        <div class=\"col-sm-2 col-xs-6\">\n                        <div class=\"form-group\">\n                            <select name=\"state\" class=\"selectpicker\" data-live-search=\"false\" data-live-search-style=\"begins\">\n                                <option value=\"\">Todos os estados<\/option><option data-parentcountry=\"us\" value=\"florida\"> Florida<\/option><option data-parentcountry=\"gb\" value=\"londres\"> Londres<\/option><option data-parentcountry=\"ru\" value=\"moscou\"> Moscou<\/option><option data-parentcountry=\"br\" value=\"rio-de-janeiro\"> Rio de Janeiro<\/option>                            <\/select>\n                        <\/div>\n                    <\/div>\n                    \n                                        <div class=\"col-sm-2 col-xs-12\">\n                        <div class=\"form-group\">\n                            <select name=\"location\" class=\"selectpicker\" data-live-search=\"false\"\n                                    data-live-search-style=\"begins\">\n                                <option value=\"\">Todas as cidades<\/option><option data-parentstate=\"florida\" value=\"boca-raton\"> Boca Raton<\/option><option data-parentstate=\"londres\" value=\"londres\"> LONDRES<\/option><option data-parentstate=\"moscou\" value=\"moskva\"> Moskva<\/option><option data-parentstate=\"florida\" value=\"orlando\"> Orlando<\/option><option data-parentstate=\"bayern\" value=\"paris\"> PARIS<\/option><option data-parentstate=\"rio-de-janeiro\" value=\"petropolis\"> Petr\u00f3polis<\/option><option data-parentstate=\"rio-de-janeiro\" value=\"itaipava\">-  Itaipava<\/option><option data-parentstate=\"rio-de-janeiro\" value=\"rio-de-janeiro\"> RIO DE JANEIRO<\/option><option data-parentstate=\"rio-de-janeiro\" value=\"angra-dos-reis\">-  Angra dos Reis<\/option>                            <\/select>\n                        <\/div>\n                    <\/div>\n                    \n                                        <div class=\"col-sm-2 col-xs-6\">\n                        <div class=\"form-group areas-select\">\n                            <select name=\"area\" class=\"selectpicker\" data-live-search=\"false\" data-live-search-style=\"begins\">\n                                <option value=\"\">Todos os bairros<\/option><option data-parentcity=\"rio-de-janeiro\" value=\"barra-da-tijuca\"> Barra da Tijuca<\/option><option data-parentcity=\"orlando\" value=\"celebration\"> Celebration<\/option><option data-parentcity=\"rio-de-janeiro\" value=\"copacabana\"> Copacabana<\/option><option data-parentcity=\"\" value=\"flamengo\"> Flamengo<\/option><option data-parentcity=\"rio-de-janeiro\" value=\"ipanema\"> Ipanema<\/option><option data-parentcity=\"petropolis\" value=\"itaipava\"> Itaipava<\/option><option data-parentcity=\"rio-de-janeiro\" value=\"joa\"> Jo\u00e1<\/option><option data-parentcity=\"rio-de-janeiro\" value=\"lagoa\"> Lagoa<\/option><option data-parentcity=\"angra-dos-reis\" value=\"portobello\"> Portobello<\/option><option data-parentcity=\"\" value=\"recreio-dos-bandeirantes\"> Recreio dos Bandeirantes<\/option><option data-parentcity=\"rio-de-janeiro\" value=\"sao-conrado\"> S\u00e3o Conrado<\/option>                            <\/select>\n                        <\/div>\n                    <\/div>\n                    \n                                        <div class=\"col-sm-2 col-xs-6\">\n                        <div class=\"form-group\">\n                            <select class=\"selectpicker\" name=\"type\" data-live-search=\"false\"\n                                    data-live-search-style=\"begins\">\n                                <option value=\"\">Todos os tipos<\/option><option value=\"apartamento-duplex-pt\"> Apartamento Duplex<\/option><option value=\"apartamento-em-condominio-pt\"> Apartamento em Condom\u00ednio<\/option><option value=\"apartamento-luxo\"> Apartamento Luxo<\/option><option value=\"apartamento-triplex-pt\"> Apartamento Triplex<\/option><option value=\"casa-colonial-pt\"> Casa Colonial<\/option><option value=\"casa-de-campo\"> Casa de Campo<\/option><option value=\"casa-de-madeira-pt\"> Casa de Madeira<\/option><option value=\"casa-duplex-pt\"> Casa Duplex<\/option><option value=\"casa-em-condominio\"> Casa em Condom\u00ednio<\/option><option value=\"casa-geminada\"> Casa Geminada<\/option><option value=\"casa-moderna-pt\"> Casa Moderna<\/option><option value=\"casa-triplex-pt\"> Casa Triplex<\/option><option value=\"castelo\"> Castelo<\/option><option value=\"cobertura\"> Cobertura<\/option><option value=\"edificio-pt\"> Edif\u00edcio<\/option><option value=\"fazenda\"> Fazenda<\/option><option value=\"ilha\"> Ilha<\/option><option value=\"lancamentos\"> Lan\u00e7amentos<\/option><option value=\"loft\"> Loft<\/option><option value=\"mansao\"> Mans\u00e3o<\/option><option value=\"novos-projetos\"> Novos Projetos<\/option><option value=\"sala-comercial\"> Sala Comercial<\/option><option value=\"sitio-pt\"> S\u00edtio<\/option><option value=\"terreno-pt\"> Terreno<\/option><option value=\"terreno-em-condominio-pt\"> Terreno em Condom\u00ednio<\/option><option value=\"vila\"> Vila<\/option>                            <\/select>\n                        <\/div>\n                    <\/div>\n                    \n                                       <div class=\"col-sm-2 col-xs-6\">\n                        <div class=\"form-group\">\n                            <select class=\"selectpicker\" id=\"selected_status_module\" name=\"status\"\n                                    data-live-search=\"false\" data-live-search-style=\"begins\"\n                                    >\n                                <option value=\"\">Todas as situa\u00e7\u00f5es<\/option><option value=\"a-venda\"> \u00c0 Venda<\/option><option value=\"aluguel\"> Aluguel<\/option><option value=\"oportunidade\"> Oportunidade<\/option><option value=\"reduced-price\"> Reduced Price<\/option><option value=\"terreno\"> Terreno<\/option><option value=\"vendido\"> Vendido<\/option>                            <\/select>\n                        <\/div>\n                    <\/div>\n                   \n                    \n                    \n                    \n                    \n                    \n                    \n                                                                 \n\n                    <div class=\"col-sm-12 col-xs-12 other-features clearfix\">\n                        <div class=\"row\">\n                            <div class=\"col-sm-2 col-xs-12 pull-right\">\n                                <button type=\"submit\" class=\"btn btn-secondary\"><i\n                                        class=\"fa fa-search\"><\/i><\/i>Pesquisar<\/button>\n                            <\/div>\n\n                            \n                        <\/div>\n                    <\/div>\n\n                    \n                <\/div>\n            <\/form>\n\n        <\/div>\n        <!--end advance search module-->\n\n        [\/vc_column][\/vc_row][vc_row full_width=&#8221;stretch_row&#8221; css=&#8221;.vc_custom_1558233010797{background-image: url(http:\/\/holdingimobiliaria.com\/wp-content\/uploads\/2019\/04\/fundo-abstrato-da-onda-clara_1302-5929.jpg?id=5712) !important;background-position: center !important;background-repeat: no-repeat !important;background-size: cover !important;}&#8221;][vc_column][vc_empty_space][vc_column_text]<\/p>\n<h3 style=\"text-align: center;\"><span style=\"color: #003366;\">Temos feito da satisfa\u00e7\u00e3o do cliente a filosofia da nossa empresa, buscando sempre a excel\u00eancia no nosso trabalho, caracter\u00edsticas da Holding.<\/span><\/h3>\n<p>[\/vc_column_text][vc_column_text]<img loading=\"lazy\" class=\"alignleft wp-image-6277\" src=\"http:\/\/holdingimobiliaria.com\/wp-content\/uploads\/2019\/05\/images-8.jpg\" alt=\"\" width=\"300\" height=\"200\" srcset=\"https:\/\/holdingimobiliaria.com\/wp-content\/uploads\/2019\/05\/images-8.jpg 275w, https:\/\/holdingimobiliaria.com\/wp-content\/uploads\/2019\/05\/images-8-150x100.jpg 150w\" sizes=\"(max-width: 300px) 100vw, 300px\" \/>Na Holding Investimentos Imobili\u00e1rios ouvimos atentamente o nosso cliente, para compreender e realizar seu desejo pelo im\u00f3vel ideal.<\/p>\n<p>Levamos cada projeto muito a s\u00e9rio e cuidamos de cada detalhe como se fosse nossa pr\u00f3pria casa. Isso, somado \u00e0 nossa experi\u00eancia, nos consolidou como especialistas na constru\u00e7\u00e3o de casas customizadas adaptadas \u00e0s necessidades de nossos clientes.<\/p>\n<p>Com base em suas necessidades, projetamos o projeto e cuidamos de todos os procedimentos, dentro de um prazo fechado, com acabamentos de luxo que transformam cada casa em uma j\u00f3ia em si.<\/p>\n<p><img loading=\"lazy\" class=\"alignright size-medium wp-image-6280\" src=\"http:\/\/holdingimobiliaria.com\/wp-content\/uploads\/2019\/05\/custom-luxury-home-marc-canadell-300x251.jpg\" alt=\"\" width=\"300\" height=\"251\" srcset=\"https:\/\/holdingimobiliaria.com\/wp-content\/uploads\/2019\/05\/custom-luxury-home-marc-canadell-300x251.jpg 300w, https:\/\/holdingimobiliaria.com\/wp-content\/uploads\/2019\/05\/custom-luxury-home-marc-canadell-150x126.jpg 150w, https:\/\/holdingimobiliaria.com\/wp-content\/uploads\/2019\/05\/custom-luxury-home-marc-canadell-350x293.jpg 350w, https:\/\/holdingimobiliaria.com\/wp-content\/uploads\/2019\/05\/custom-luxury-home-marc-canadell.jpg 600w\" sizes=\"(max-width: 300px) 100vw, 300px\" \/>Combinamos criatividade e eleg\u00e2ncia perfeitamente para projetar projetos cheios de vida, em que sustentabilidade e efici\u00eancia energ\u00e9tica est\u00e3o sempre presentes para que sua casa esteja pronta para o futuro.<\/p>\n<p>Desempenhamos um papel fundamental na vida de qualquer projeto arquitet\u00f4nico. Somos respons\u00e1veis por dar vida \u00e0s ideias que foram capturadas em um plano e que refletem as necessidades, gostos e prefer\u00eancias do cliente, bem como todas as especifica\u00e7\u00f5es t\u00e9cnicas e de qualidade, que costuma acompanhar os projetos, com desenhos \u00fanicos e originais.<\/p>\n<p>&nbsp;<\/p>\n<h3 style=\"text-align: center;\"><span style=\"color: #003366;\">Queremos que, uma vez terminado, seja melhor do que voc\u00ea imaginou.<\/span><\/h3>\n<p>[\/vc_column_text][vc_empty_space][\/vc_column][\/vc_row][vc_row][vc_column][vc_column_text]<\/p>\n<p style=\"text-align: center;\"><img loading=\"lazy\" class=\"aligncenter wp-image-8574\" src=\"http:\/\/holdingimobiliaria.com\/wp-content\/uploads\/2019\/09\/Logo-Imobiliaria-2019-09-24.png\" alt=\"\" width=\"274\" height=\"173\" srcset=\"https:\/\/holdingimobiliaria.com\/wp-content\/uploads\/2019\/09\/Logo-Imobiliaria-2019-09-24.png 640w, https:\/\/holdingimobiliaria.com\/wp-content\/uploads\/2019\/09\/Logo-Imobiliaria-2019-09-24-300x189.png 300w, https:\/\/holdingimobiliaria.com\/wp-content\/uploads\/2019\/09\/Logo-Imobiliaria-2019-09-24-150x95.png 150w, https:\/\/holdingimobiliaria.com\/wp-content\/uploads\/2019\/09\/Logo-Imobiliaria-2019-09-24-350x221.png 350w\" sizes=\"(max-width: 274px) 100vw, 274px\" \/><\/p>\n<p>[\/vc_column_text][\/vc_column][\/vc_row]<\/p>\n","protected":false},"excerpt":{"rendered":"<p>[vc_row full_width=&#8221;stretch_row&#8221; css=&#8221;.vc_custom_1569974884017{background-image: url(http:\/\/holdingimobiliaria.com\/wp-content\/uploads\/2019\/06\/fundo-azul-abstrato-hd-4.jpg?id=7357) !important;background-position: center !important;background-repeat: no-repeat !important;background-size: cover !important;}&#8221;][vc_column][\/vc_column][\/vc_row][vc_row full_width=&#8221;stretch_row&#8221; css=&#8221;.vc_custom_1558233010797{background-image: url(http:\/\/holdingimobiliaria.com\/wp-content\/uploads\/2019\/04\/fundo-abstrato-da-onda-clara_1302-5929.jpg?id=5712) !important;background-position: center !important;background-repeat: no-repeat !important;background-size: cover !important;}&#8221;][vc_column][vc_empty_space][vc_column_text] Temos feito da satisfa\u00e7\u00e3o do cliente a filosofia da nossa empresa, buscando sempre a excel\u00eancia no nosso trabalho, caracter\u00edsticas da Holding. [\/vc_column_text][vc_column_text]Na Holding Investimentos Imobili\u00e1rios ouvimos atentamente o nosso cliente, para compreender e realizar [&hellip;]<\/p>\n","protected":false},"author":1,"featured_media":0,"parent":0,"menu_order":0,"comment_status":"closed","ping_status":"closed","template":"template\/template-page.php","meta":[],"_links":{"self":[{"href":"https:\/\/holdingimobiliaria.com\/pt-br\/wp-json\/wp\/v2\/pages\/692\/"}],"collection":[{"href":"https:\/\/holdingimobiliaria.com\/pt-br\/wp-json\/wp\/v2\/pages\/"}],"about":[{"href":"https:\/\/holdingimobiliaria.com\/pt-br\/wp-json\/wp\/v2\/types\/page\/"}],"author":[{"embeddable":true,"href":"https:\/\/holdingimobiliaria.com\/pt-br\/wp-json\/wp\/v2\/users\/1\/"}],"replies":[{"embeddable":true,"href":"https:\/\/holdingimobiliaria.com\/pt-br\/wp-json\/wp\/v2\/comments\/?post=692"}],"version-history":[{"count":10,"href":"https:\/\/holdingimobiliaria.com\/pt-br\/wp-json\/wp\/v2\/pages\/692\/revisions\/"}],"predecessor-version":[{"id":8906,"href":"https:\/\/holdingimobiliaria.com\/pt-br\/wp-json\/wp\/v2\/pages\/692\/revisions\/8906\/"}],"wp:attachment":[{"href":"https:\/\/holdingimobiliaria.com\/pt-br\/wp-json\/wp\/v2\/media\/?parent=692"}],"curies":[{"name":"wp","href":"https:\/\/api.w.org\/{rel}","templated":true}]}}